{"id":13653,"date":"2022-11-23T11:06:08","date_gmt":"2022-11-23T10:06:08","guid":{"rendered":"https:\/\/kessler-bau-group.de\/unternehmen\/"},"modified":"2026-02-04T12:07:30","modified_gmt":"2026-02-04T11:07:30","slug":"unternehmen","status":"publish","type":"page","link":"https:\/\/kessler-bau-group.de\/fr\/unternehmen\/","title":{"rendered":"Notre Entreprise"},"content":{"rendered":"\t\t<div data-elementor-type=\"wp-page\" data-elementor-id=\"13653\" class=\"elementor elementor-13653 elementor-10674\">\n\t\t\t\t\t\t<section class=\"elementor-section elementor-top-section elementor-element elementor-element-7e8e13dc elementor-section-boxed elementor-section-height-default elementor-section-height-default mkdf-parallax-row-no mkdf-content-aligment-left mkdf-elementor-row-grid-no mkdf-disabled-bg-image-bellow-no mkdf-row-btt-light\" data-id=\"7e8e13dc\" data-element_type=\"section\">\n\t\t\t\t\t\t<div class=\"elementor-container elementor-column-gap-default\">\n\t\t\t\t\t<div class=\"elementor-column elementor-col-100 elementor-top-column elementor-element elementor-element-3a5c234a\" data-id=\"3a5c234a\" data-element_type=\"column\">\n\t\t\t<div class=\"elementor-widget-wrap\">\n\t\t\t\t\t\t\t<\/div>\n\t\t<\/div>\n\t\t\t\t\t<\/div>\n\t\t<\/section>\n\t\t\t\t<section class=\"elementor-section elementor-top-section elementor-element elementor-element-6deb358 elementor-section-boxed elementor-section-height-default elementor-section-height-default mkdf-parallax-row-no mkdf-content-aligment-left mkdf-elementor-row-grid-no mkdf-disabled-bg-image-bellow-no mkdf-row-btt-light\" data-id=\"6deb358\" data-element_type=\"section\">\n\t\t\t\t\t\t<div class=\"elementor-container elementor-column-gap-default\">\n\t\t\t\t\t<div class=\"elementor-column elementor-col-100 elementor-top-column elementor-element elementor-element-fae7a0e\" data-id=\"fae7a0e\" data-element_type=\"column\">\n\t\t\t<div class=\"elementor-widget-wrap elementor-element-populated\">\n\t\t\t\t\t\t<div class=\"elementor-element elementor-element-0aacb1f elementor-widget elementor-widget-text-editor\" data-id=\"0aacb1f\" data-element_type=\"widget\" data-widget_type=\"text-editor.default\">\n\t\t\t\t<div class=\"elementor-widget-container\">\n\t\t\t\t\t\t\t\t\t<h4 style=\"color: #767676;\">Notre entreprise a \u00e9t\u00e9 fond\u00e9e en 1987 en tant qu\u2019entreprise individuelle et a \u00e9t\u00e9 renomm\u00e9e Ke\u00dfler-Bau AG en 2002. En tant qu\u2019entreprise de construction de taille moyenne dans l\u2019Uckermark, nous employons actuellement 40 collaborateurs.<\/h4>\t\t\t\t\t\t\t\t<\/div>\n\t\t\t\t<\/div>\n\t\t\t\t<div class=\"elementor-element elementor-element-667825b elementor-widget elementor-widget-text-editor\" data-id=\"667825b\" data-element_type=\"widget\" data-widget_type=\"text-editor.default\">\n\t\t\t\t<div class=\"elementor-widget-container\">\n\t\t\t\t\t\t\t\t\t<p data-start=\"104\" data-end=\"660\">Qu\u2019il s\u2019agisse de la construction de maisons d\u2019habitation de toutes tailles ou de b\u00e2timents commerciaux et industriels de tout type, construire avec la Ke\u00dfler-Bau AG est, d\u00e8s le d\u00e9part, la bonne d\u00e9cision, car pour tous nos projets, nous appliquons les plus hauts standards de qualit\u00e9. Chaque planification est orient\u00e9e individuellement vers les besoins des futurs habitants ou exploitants. Parall\u00e8lement, nos projets se distinguent, gr\u00e2ce \u00e0 notre grande exp\u00e9rience, par une planification solide, une mise en \u0153uvre rapide et un rapport qualit\u00e9-prix optimal.<\/p><p data-start=\"662\" data-end=\"834\">Ind\u00e9pendamment du fait qu\u2019un projet de construction \u00e9conomique ou haut de gamme soit souhait\u00e9, la Ke\u00dfler-Bau AG propose toujours une solution optimale pour chaque exigence.<\/p><p data-start=\"836\" data-end=\"1106\">Nous avons fait de la qualit\u00e9, de la fiabilit\u00e9 et de la flexibilit\u00e9 nos r\u00e9f\u00e9rences, afin que chaque ma\u00eetre d\u2019ouvrage sache que son projet de construction est entre de bonnes mains et puisse formuler une recommandation par conviction aupr\u00e8s de nouveaux ma\u00eetres d\u2019ouvrage.<\/p>\t\t\t\t\t\t\t\t<\/div>\n\t\t\t\t<\/div>\n\t\t\t\t\t<\/div>\n\t\t<\/div>\n\t\t\t\t\t<\/div>\n\t\t<\/section>\n\t\t\t\t<section class=\"elementor-section elementor-top-section elementor-element elementor-element-7fdf9f3 elementor-section-boxed elementor-section-height-default elementor-section-height-default mkdf-parallax-row-no mkdf-content-aligment-left mkdf-elementor-row-grid-no mkdf-disabled-bg-image-bellow-no mkdf-row-btt-light\" data-id=\"7fdf9f3\" data-element_type=\"section\">\n\t\t\t\t\t\t<div class=\"elementor-container elementor-column-gap-default\">\n\t\t\t\t\t<div class=\"elementor-column elementor-col-50 elementor-top-column elementor-element elementor-element-fa8341a\" data-id=\"fa8341a\" data-element_type=\"column\">\n\t\t\t<div class=\"elementor-widget-wrap elementor-element-populated\">\n\t\t\t\t\t\t<div class=\"elementor-element elementor-element-5f9717d elementor-widget elementor-widget-image\" data-id=\"5f9717d\" data-element_type=\"widget\" data-widget_type=\"image.default\">\n\t\t\t\t<div class=\"elementor-widget-container\">\n\t\t\t\t\t\t\t\t\t\t\t\t\t\t\t<img fetchpriority=\"high\" decoding=\"async\" width=\"1024\" height=\"677\" src=\"https:\/\/kessler-bau-group.de\/wp-content\/uploads\/09_Burogebaude_1-1024x677.png\" class=\"attachment-large size-large wp-image-12773\" alt=\"\" srcset=\"https:\/\/kessler-bau-group.de\/wp-content\/uploads\/09_Burogebaude_1-1024x677.png 1024w, https:\/\/kessler-bau-group.de\/wp-content\/uploads\/09_Burogebaude_1-300x198.png 300w, https:\/\/kessler-bau-group.de\/wp-content\/uploads\/09_Burogebaude_1-768x508.png 768w, https:\/\/kessler-bau-group.de\/wp-content\/uploads\/09_Burogebaude_1.png 1300w\" sizes=\"(max-width: 1024px) 100vw, 1024px\" \/>\t\t\t\t\t\t\t\t\t\t\t\t\t\t\t<\/div>\n\t\t\t\t<\/div>\n\t\t\t\t\t<\/div>\n\t\t<\/div>\n\t\t\t\t<div class=\"elementor-column elementor-col-50 elementor-top-column elementor-element elementor-element-fa4cf72\" data-id=\"fa4cf72\" data-element_type=\"column\">\n\t\t\t<div class=\"elementor-widget-wrap elementor-element-populated\">\n\t\t\t\t\t\t<div class=\"elementor-element elementor-element-91817f9 elementor-widget elementor-widget-image\" data-id=\"91817f9\" data-element_type=\"widget\" data-widget_type=\"image.default\">\n\t\t\t\t<div class=\"elementor-widget-container\">\n\t\t\t\t\t\t\t\t\t\t\t\t\t\t\t<img decoding=\"async\" width=\"1024\" height=\"677\" src=\"https:\/\/kessler-bau-group.de\/wp-content\/uploads\/09_Burogebaude_14-1024x677.png\" class=\"attachment-large size-large wp-image-12786\" alt=\"\" srcset=\"https:\/\/kessler-bau-group.de\/wp-content\/uploads\/09_Burogebaude_14-1024x677.png 1024w, https:\/\/kessler-bau-group.de\/wp-content\/uploads\/09_Burogebaude_14-300x198.png 300w, https:\/\/kessler-bau-group.de\/wp-content\/uploads\/09_Burogebaude_14-768x508.png 768w, https:\/\/kessler-bau-group.de\/wp-content\/uploads\/09_Burogebaude_14.png 1300w\" sizes=\"(max-width: 1024px) 100vw, 1024px\" \/>\t\t\t\t\t\t\t\t\t\t\t\t\t\t\t<\/div>\n\t\t\t\t<\/div>\n\t\t\t\t\t<\/div>\n\t\t<\/div>\n\t\t\t\t\t<\/div>\n\t\t<\/section>\n\t\t\t\t<section class=\"elementor-section elementor-top-section elementor-element elementor-element-3183d21 btcenter elementor-section-boxed elementor-section-height-default elementor-section-height-default mkdf-parallax-row-no mkdf-content-aligment-left mkdf-elementor-row-grid-no mkdf-disabled-bg-image-bellow-no mkdf-row-btt-light\" data-id=\"3183d21\" data-element_type=\"section\">\n\t\t\t\t\t\t<div class=\"elementor-container elementor-column-gap-default\">\n\t\t\t\t\t<div class=\"elementor-column elementor-col-33 elementor-top-column elementor-element elementor-element-95b29c0\" data-id=\"95b29c0\" data-element_type=\"column\">\n\t\t\t<div class=\"elementor-widget-wrap elementor-element-populated\">\n\t\t\t\t\t\t<div class=\"elementor-element elementor-element-ad08d11 elementor-widget elementor-widget-mkdf_button\" data-id=\"ad08d11\" data-element_type=\"widget\" data-widget_type=\"mkdf_button.default\">\n\t\t\t\t<div class=\"elementor-widget-container\">\n\t\t\t\t\t<a itemprop=\"url\" href=\"https:\/\/kessler-bau-group.de\/fr\/batiments-commerciaux\/\" target=\"_self\" style=\"padding: 6px 44px 6px 44px\" class=\"mkdf-btn mkdf-btn-medium mkdf-btn-solid\"  0=\"padding: 6px 44px 6px 44px\">\n    <span class=\"mkdf-btn-text\">B\u00e2timents commerciaux<\/span>\n    <\/a>\t\t\t\t<\/div>\n\t\t\t\t<\/div>\n\t\t\t\t\t<\/div>\n\t\t<\/div>\n\t\t\t\t<div class=\"elementor-column elementor-col-33 elementor-top-column elementor-element elementor-element-836fb5b\" data-id=\"836fb5b\" data-element_type=\"column\">\n\t\t\t<div class=\"elementor-widget-wrap elementor-element-populated\">\n\t\t\t\t\t\t<div class=\"elementor-element elementor-element-53cf92e elementor-widget elementor-widget-mkdf_button\" data-id=\"53cf92e\" data-element_type=\"widget\" data-widget_type=\"mkdf_button.default\">\n\t\t\t\t<div class=\"elementor-widget-container\">\n\t\t\t\t\t<a itemprop=\"url\" href=\"https:\/\/kessler-bau-group.de\/fr\/parement\/\" target=\"_self\" style=\"padding: 6px 44px 6px 44px\" class=\"mkdf-btn mkdf-btn-medium mkdf-btn-solid\"  0=\"padding: 6px 44px 6px 44px\">\n    <span class=\"mkdf-btn-text\">Parement<\/span>\n    <\/a>\t\t\t\t<\/div>\n\t\t\t\t<\/div>\n\t\t\t\t\t<\/div>\n\t\t<\/div>\n\t\t\t\t<div class=\"elementor-column elementor-col-33 elementor-top-column elementor-element elementor-element-b720577\" data-id=\"b720577\" data-element_type=\"column\">\n\t\t\t<div class=\"elementor-widget-wrap elementor-element-populated\">\n\t\t\t\t\t\t<div class=\"elementor-element elementor-element-a7e8d3a elementor-widget elementor-widget-mkdf_button\" data-id=\"a7e8d3a\" data-element_type=\"widget\" data-widget_type=\"mkdf_button.default\">\n\t\t\t\t<div class=\"elementor-widget-container\">\n\t\t\t\t\t<a itemprop=\"url\" href=\"https:\/\/kessler-bau-group.de\/fr\/construction-de-logement\/\" target=\"_self\" style=\"padding: 6px 38px 6px 38px\" class=\"mkdf-btn mkdf-btn-medium mkdf-btn-solid\"  0=\"padding: 6px 38px 6px 38px\">\n    <span class=\"mkdf-btn-text\">Logements<\/span>\n    <\/a>\t\t\t\t<\/div>\n\t\t\t\t<\/div>\n\t\t\t\t\t<\/div>\n\t\t<\/div>\n\t\t\t\t\t<\/div>\n\t\t<\/section>\n\t\t\t\t<\/div>\n\t\t","protected":false},"excerpt":{"rendered":"<p>Notre entreprise a \u00e9t\u00e9 fond\u00e9e en 1987 en tant qu\u2019entreprise individuelle et a \u00e9t\u00e9 renomm\u00e9e Ke\u00dfler-Bau AG en 2002. En tant qu\u2019entreprise de construction de taille moyenne dans l\u2019Uckermark, nous employons actuellement 40 collaborateurs. Qu\u2019il s\u2019agisse de la construction de maisons d\u2019habitation de toutes tailles ou de b\u00e2timents commerciaux et [&hellip;]<\/p>\n","protected":false},"author":1,"featured_media":12885,"parent":0,"menu_order":0,"comment_status":"closed","ping_status":"closed","template":"full-width.php","meta":{"footnotes":""},"class_list":["post-13653","page","type-page","status-publish","has-post-thumbnail","hentry"],"yoast_head":"<!-- This site is optimized with the Yoast SEO plugin v27.2 - https:\/\/yoast.com\/product\/yoast-seo-wordpress\/ -->\n<title>Notre Entreprise | Ke\u00dfler Bau AG<\/title>\n<meta name=\"description\" content=\"Qu&#039;il s&#039;agisse d&#039;un projet de construction bon march\u00e9 ou haut de gamme, Kessler Bau AG propose toujours une solution optimale pour chaque exigence.\" \/>\n<meta name=\"robots\" content=\"index, follow, max-snippet:-1, max-image-preview:large, max-video-preview:-1\" \/>\n<link rel=\"canonical\" href=\"https:\/\/kessler-bau-group.de\/fr\/unternehmen\/\" \/>\n<meta property=\"og:locale\" content=\"fr_FR\" \/>\n<meta property=\"og:type\" content=\"article\" \/>\n<meta property=\"og:title\" content=\"Notre Entreprise | Ke\u00dfler Bau AG\" \/>\n<meta property=\"og:description\" content=\"Qu&#039;il s&#039;agisse d&#039;un projet de construction bon march\u00e9 ou haut de gamme, Kessler Bau AG propose toujours une solution optimale pour chaque exigence.\" \/>\n<meta property=\"og:url\" content=\"https:\/\/kessler-bau-group.de\/fr\/unternehmen\/\" \/>\n<meta property=\"og:site_name\" content=\"Ke\u00dfler Bau AG\" \/>\n<meta property=\"article:modified_time\" content=\"2026-02-04T11:07:30+00:00\" \/>\n<meta property=\"og:image\" content=\"https:\/\/kessler-bau-group.de\/wp-content\/uploads\/09_Buerogebaeude_Kessler_Bau_Group_ok.png\" \/>\n\t<meta property=\"og:image:width\" content=\"1100\" \/>\n\t<meta property=\"og:image:height\" content=\"1099\" \/>\n\t<meta property=\"og:image:type\" content=\"image\/png\" \/>\n<meta name=\"twitter:card\" content=\"summary_large_image\" \/>\n<script type=\"application\/ld+json\" class=\"yoast-schema-graph\">{\"@context\":\"https:\/\/schema.org\",\"@graph\":[{\"@type\":\"WebPage\",\"@id\":\"https:\/\/kessler-bau-group.de\/fr\/unternehmen\/\",\"url\":\"https:\/\/kessler-bau-group.de\/fr\/unternehmen\/\",\"name\":\"Notre Entreprise | Ke\u00dfler Bau AG\",\"isPartOf\":{\"@id\":\"https:\/\/kessler-bau-group.de\/fr\/#website\"},\"primaryImageOfPage\":{\"@id\":\"https:\/\/kessler-bau-group.de\/fr\/unternehmen\/#primaryimage\"},\"image\":{\"@id\":\"https:\/\/kessler-bau-group.de\/fr\/unternehmen\/#primaryimage\"},\"thumbnailUrl\":\"https:\/\/kessler-bau-group.de\/wp-content\/uploads\/09_Buerogebaeude_Kessler_Bau_Group_ok.png\",\"datePublished\":\"2022-11-23T10:06:08+00:00\",\"dateModified\":\"2026-02-04T11:07:30+00:00\",\"description\":\"Qu'il s'agisse d'un projet de construction bon march\u00e9 ou haut de gamme, Kessler Bau AG propose toujours une solution optimale pour chaque exigence.\",\"breadcrumb\":{\"@id\":\"https:\/\/kessler-bau-group.de\/fr\/unternehmen\/#breadcrumb\"},\"inLanguage\":\"fr-FR\",\"potentialAction\":[{\"@type\":\"ReadAction\",\"target\":[\"https:\/\/kessler-bau-group.de\/fr\/unternehmen\/\"]}]},{\"@type\":\"ImageObject\",\"inLanguage\":\"fr-FR\",\"@id\":\"https:\/\/kessler-bau-group.de\/fr\/unternehmen\/#primaryimage\",\"url\":\"https:\/\/kessler-bau-group.de\/wp-content\/uploads\/09_Buerogebaeude_Kessler_Bau_Group_ok.png\",\"contentUrl\":\"https:\/\/kessler-bau-group.de\/wp-content\/uploads\/09_Buerogebaeude_Kessler_Bau_Group_ok.png\",\"width\":1100,\"height\":1099},{\"@type\":\"BreadcrumbList\",\"@id\":\"https:\/\/kessler-bau-group.de\/fr\/unternehmen\/#breadcrumb\",\"itemListElement\":[{\"@type\":\"ListItem\",\"position\":1,\"name\":\"Accueil\",\"item\":\"https:\/\/kessler-bau-group.de\/fr\/\"},{\"@type\":\"ListItem\",\"position\":2,\"name\":\"Notre Entreprise\"}]},{\"@type\":\"WebSite\",\"@id\":\"https:\/\/kessler-bau-group.de\/fr\/#website\",\"url\":\"https:\/\/kessler-bau-group.de\/fr\/\",\"name\":\"Ke\u00dfler-Bau AG\",\"description\":\"Beratung und Konstruktion\",\"publisher\":{\"@id\":\"https:\/\/kessler-bau-group.de\/fr\/#organization\"},\"alternateName\":\"Ke\u00dfler-Bau AG\",\"potentialAction\":[{\"@type\":\"SearchAction\",\"target\":{\"@type\":\"EntryPoint\",\"urlTemplate\":\"https:\/\/kessler-bau-group.de\/fr\/?s={search_term_string}\"},\"query-input\":{\"@type\":\"PropertyValueSpecification\",\"valueRequired\":true,\"valueName\":\"search_term_string\"}}],\"inLanguage\":\"fr-FR\"},{\"@type\":\"Organization\",\"@id\":\"https:\/\/kessler-bau-group.de\/fr\/#organization\",\"name\":\"Ke\u00dfler-Bau AG\",\"alternateName\":\"Ke\u00dfler-Bau AG\",\"url\":\"https:\/\/kessler-bau-group.de\/fr\/\",\"logo\":{\"@type\":\"ImageObject\",\"inLanguage\":\"fr-FR\",\"@id\":\"https:\/\/kessler-bau-group.de\/fr\/#\/schema\/logo\/image\/\",\"url\":\"https:\/\/kessler-bau-group.de\/wp-content\/uploads\/logo_240x240px.png\",\"contentUrl\":\"https:\/\/kessler-bau-group.de\/wp-content\/uploads\/logo_240x240px.png\",\"width\":240,\"height\":240,\"caption\":\"Ke\u00dfler-Bau AG\"},\"image\":{\"@id\":\"https:\/\/kessler-bau-group.de\/fr\/#\/schema\/logo\/image\/\"},\"sameAs\":[\"https:\/\/www.linkedin.com\/in\/ronny-ke\u00dfler-30588099\/\"]}]}<\/script>\n<!-- \/ Yoast SEO plugin. -->","yoast_head_json":{"title":"Notre Entreprise | Ke\u00dfler Bau AG","description":"Qu'il s'agisse d'un projet de construction bon march\u00e9 ou haut de gamme, Kessler Bau AG propose toujours une solution optimale pour chaque exigence.","robots":{"index":"index","follow":"follow","max-snippet":"max-snippet:-1","max-image-preview":"max-image-preview:large","max-video-preview":"max-video-preview:-1"},"canonical":"https:\/\/kessler-bau-group.de\/fr\/unternehmen\/","og_locale":"fr_FR","og_type":"article","og_title":"Notre Entreprise | Ke\u00dfler Bau AG","og_description":"Qu'il s'agisse d'un projet de construction bon march\u00e9 ou haut de gamme, Kessler Bau AG propose toujours une solution optimale pour chaque exigence.","og_url":"https:\/\/kessler-bau-group.de\/fr\/unternehmen\/","og_site_name":"Ke\u00dfler Bau AG","article_modified_time":"2026-02-04T11:07:30+00:00","og_image":[{"width":1100,"height":1099,"url":"https:\/\/kessler-bau-group.de\/wp-content\/uploads\/09_Buerogebaeude_Kessler_Bau_Group_ok.png","type":"image\/png"}],"twitter_card":"summary_large_image","schema":{"@context":"https:\/\/schema.org","@graph":[{"@type":"WebPage","@id":"https:\/\/kessler-bau-group.de\/fr\/unternehmen\/","url":"https:\/\/kessler-bau-group.de\/fr\/unternehmen\/","name":"Notre Entreprise | Ke\u00dfler Bau AG","isPartOf":{"@id":"https:\/\/kessler-bau-group.de\/fr\/#website"},"primaryImageOfPage":{"@id":"https:\/\/kessler-bau-group.de\/fr\/unternehmen\/#primaryimage"},"image":{"@id":"https:\/\/kessler-bau-group.de\/fr\/unternehmen\/#primaryimage"},"thumbnailUrl":"https:\/\/kessler-bau-group.de\/wp-content\/uploads\/09_Buerogebaeude_Kessler_Bau_Group_ok.png","datePublished":"2022-11-23T10:06:08+00:00","dateModified":"2026-02-04T11:07:30+00:00","description":"Qu'il s'agisse d'un projet de construction bon march\u00e9 ou haut de gamme, Kessler Bau AG propose toujours une solution optimale pour chaque exigence.","breadcrumb":{"@id":"https:\/\/kessler-bau-group.de\/fr\/unternehmen\/#breadcrumb"},"inLanguage":"fr-FR","potentialAction":[{"@type":"ReadAction","target":["https:\/\/kessler-bau-group.de\/fr\/unternehmen\/"]}]},{"@type":"ImageObject","inLanguage":"fr-FR","@id":"https:\/\/kessler-bau-group.de\/fr\/unternehmen\/#primaryimage","url":"https:\/\/kessler-bau-group.de\/wp-content\/uploads\/09_Buerogebaeude_Kessler_Bau_Group_ok.png","contentUrl":"https:\/\/kessler-bau-group.de\/wp-content\/uploads\/09_Buerogebaeude_Kessler_Bau_Group_ok.png","width":1100,"height":1099},{"@type":"BreadcrumbList","@id":"https:\/\/kessler-bau-group.de\/fr\/unternehmen\/#breadcrumb","itemListElement":[{"@type":"ListItem","position":1,"name":"Accueil","item":"https:\/\/kessler-bau-group.de\/fr\/"},{"@type":"ListItem","position":2,"name":"Notre Entreprise"}]},{"@type":"WebSite","@id":"https:\/\/kessler-bau-group.de\/fr\/#website","url":"https:\/\/kessler-bau-group.de\/fr\/","name":"Ke\u00dfler-Bau AG","description":"Beratung und Konstruktion","publisher":{"@id":"https:\/\/kessler-bau-group.de\/fr\/#organization"},"alternateName":"Ke\u00dfler-Bau AG","potentialAction":[{"@type":"SearchAction","target":{"@type":"EntryPoint","urlTemplate":"https:\/\/kessler-bau-group.de\/fr\/?s={search_term_string}"},"query-input":{"@type":"PropertyValueSpecification","valueRequired":true,"valueName":"search_term_string"}}],"inLanguage":"fr-FR"},{"@type":"Organization","@id":"https:\/\/kessler-bau-group.de\/fr\/#organization","name":"Ke\u00dfler-Bau AG","alternateName":"Ke\u00dfler-Bau AG","url":"https:\/\/kessler-bau-group.de\/fr\/","logo":{"@type":"ImageObject","inLanguage":"fr-FR","@id":"https:\/\/kessler-bau-group.de\/fr\/#\/schema\/logo\/image\/","url":"https:\/\/kessler-bau-group.de\/wp-content\/uploads\/logo_240x240px.png","contentUrl":"https:\/\/kessler-bau-group.de\/wp-content\/uploads\/logo_240x240px.png","width":240,"height":240,"caption":"Ke\u00dfler-Bau AG"},"image":{"@id":"https:\/\/kessler-bau-group.de\/fr\/#\/schema\/logo\/image\/"},"sameAs":["https:\/\/www.linkedin.com\/in\/ronny-ke\u00dfler-30588099\/"]}]}},"_links":{"self":[{"href":"https:\/\/kessler-bau-group.de\/fr\/wp-json\/wp\/v2\/pages\/13653","targetHints":{"allow":["GET"]}}],"collection":[{"href":"https:\/\/kessler-bau-group.de\/fr\/wp-json\/wp\/v2\/pages"}],"about":[{"href":"https:\/\/kessler-bau-group.de\/fr\/wp-json\/wp\/v2\/types\/page"}],"author":[{"embeddable":true,"href":"https:\/\/kessler-bau-group.de\/fr\/wp-json\/wp\/v2\/users\/1"}],"replies":[{"embeddable":true,"href":"https:\/\/kessler-bau-group.de\/fr\/wp-json\/wp\/v2\/comments?post=13653"}],"version-history":[{"count":44,"href":"https:\/\/kessler-bau-group.de\/fr\/wp-json\/wp\/v2\/pages\/13653\/revisions"}],"predecessor-version":[{"id":17112,"href":"https:\/\/kessler-bau-group.de\/fr\/wp-json\/wp\/v2\/pages\/13653\/revisions\/17112"}],"wp:featuredmedia":[{"embeddable":true,"href":"https:\/\/kessler-bau-group.de\/fr\/wp-json\/wp\/v2\/media\/12885"}],"wp:attachment":[{"href":"https:\/\/kessler-bau-group.de\/fr\/wp-json\/wp\/v2\/media?parent=13653"}],"curies":[{"name":"wp","href":"https:\/\/api.w.org\/{rel}","templated":true}]}}